{"id":1407,"date":"2017-05-03T11:42:14","date_gmt":"2017-05-03T15:42:14","guid":{"rendered":"https:\/\/lkqcanada.ca\/en\/infolettre\/"},"modified":"2022-04-29T10:00:39","modified_gmt":"2022-04-29T14:00:39","slug":"newsletter","status":"publish","type":"page","link":"http:\/\/lkqcanada.ca\/en\/newsletter\/","title":{"rendered":"Newsletter"},"content":{"rendered":"<div id=\"pl-1407\"  class=\"panel-layout\" ><div id=\"pg-1407-0\"  class=\"panel-grid panel-no-style\" ><div id=\"pgc-1407-0-0\"  class=\"panel-grid-cell\" ><div id=\"panel-1407-0-0-0\" class=\"so-panel widget widget_text panel-first-child panel-last-child\" data-index=\"0\" >\t\t\t<div class=\"textwidget\"><!-- Begin MailChimp Signup Form -->\n<div id=\"mc_embed_signup\">\n<form action=\"\/\/lkqcanada.us15.list-manage.com\/subscribe\/post?u=aab467deda181cadf29671e54&amp;id=8397d36564\" method=\"post\" id=\"mc-embedded-subscribe-form\" name=\"mc-embedded-subscribe-form\" class=\"validate\" target=\"_blank\" novalidate>\n    <div id=\"mc_embed_signup_scroll\">\n\t<h2>Abonnement<\/h2>\n<div class=\"mc-field-group\">\n\t<label for=\"mce-FNAME\">Pr\u00e9nom  <span class=\"asterisk\">*<\/span>\n<\/label>\n\t<input type=\"text\" value=\"\" name=\"FNAME\" class=\"required\" id=\"mce-FNAME\">\n<\/div>\n<div class=\"mc-field-group\">\n\t<label for=\"mce-LNAME\">Nom  <span class=\"asterisk\">*<\/span>\n<\/label>\n\t<input type=\"text\" value=\"\" name=\"LNAME\" class=\"required\" id=\"mce-LNAME\">\n<\/div>\n<div class=\"mc-field-group\">\n\t<label for=\"mce-EMAIL\">Courriel  <span class=\"asterisk\">*<\/span>\n<\/label>\n\t<input type=\"email\" value=\"\" name=\"EMAIL\" class=\"required email\" id=\"mce-EMAIL\">\n<\/div>\n<div class=\"mc-field-group size1of2\">\n\t<label for=\"mce-MMERGE3\">T\u00e9l\u00e9phone  <span class=\"asterisk\">*<\/span>\n<\/label>\n    <div class=\"phonefield phonefield-us\">\n        (<span class=\"phonearea\"><input class=\"phonepart required\" pattern=\"[0-9]*\" id=\"mce-MMERGE3-area\" name=\"MMERGE3[area]\" maxlength=\"3\" size=\"3\" value=\"\" type=\"text\"><\/span>)\n        <span class=\"phonedetail1\"><input class=\"phonepart required\" pattern=\"[0-9]*\" id=\"mce-MMERGE3-detail1\" name=\"MMERGE3[detail1]\" maxlength=\"3\" size=\"3\" value=\"\" type=\"text\"><\/span> - \n        <span class=\"phonedetail2\"><input class=\"phonepart required\" pattern=\"[0-9]*\" id=\"mce-MMERGE3-detail2\" name=\"MMERGE3[detail2]\" maxlength=\"4\" size=\"4\" value=\"\" type=\"text\"><\/span>\n    <\/div>\n<\/div><div class=\"mc-field-group\">\n\t<label for=\"mce-MMERGE4\">Langue  <span class=\"asterisk\">*<\/span>\n<\/label>\n\t<select name=\"MMERGE4\" class=\"required\" id=\"mce-MMERGE4\">\n\t<option value=\"\"><\/option>\n\t<option value=\"Fran\u00e7ais\">Fran\u00e7ais<\/option>\n<option value=\"Anglais\">Anglais<\/option>\n\n\t<\/select>\n<\/div><div class=\"mc-field-group input-group\">\n    <strong>Je veux recevoir l'infolettre <\/strong>\n    <ul><li><input type=\"checkbox\" value=\"1\" name=\"group[1961][1]\" id=\"mce-group[1961]-1961-0\"><label for=\"mce-group[1961]-1961-0\">  Je suis un atelier m\u00e9canique<\/label><\/li>\n<li><input type=\"checkbox\" value=\"4\" name=\"group[1961][4]\" id=\"mce-group[1961]-1961-1\"><label for=\"mce-group[1961]-1961-1\">  Je suis un atelier de carrosserie<\/label><\/li>\n<\/ul>\n<\/div>\n\t<div id=\"mce-responses\" class=\"clear\">\n\t\t<div class=\"response\" id=\"mce-error-response\" style=\"display:none\"><\/div>\n\t\t<div class=\"response\" id=\"mce-success-response\" style=\"display:none\"><\/div>\n\t<\/div>    <!-- real people should not fill this in and expect good things - do not remove this or risk form bot signups-->\n    <div style=\"position: absolute; left: -5000px;\" aria-hidden=\"true\"><input type=\"text\" name=\"b_aab467deda181cadf29671e54_8397d36564\" tabindex=\"-1\" value=\"\"><\/div>\n    <div class=\"clear\"><input type=\"submit\" value=\"Abonnement\" name=\"subscribe\" id=\"mc-embedded-subscribe\" class=\"button\"><\/div>\n    <\/div>\n<\/form>\n<\/div>\n\n<!--End mc_embed_signup--><\/div>\n\t\t<\/div><\/div><div id=\"pgc-1407-0-1\"  class=\"panel-grid-cell\" ><div id=\"panel-1407-0-1-0\" class=\"so-panel widget widget_text panel-first-child panel-last-child\" data-index=\"1\" >\t\t\t<div class=\"textwidget\"><!-- Begin MailChimp Signup Form -->\n<link href=\"\/\/cdn-images.mailchimp.com\/embedcode\/classic-10_7.css\" rel=\"stylesheet\" type=\"text\/css\">\n<style type=\"text\/css\">\n\t#mc_embed_signup{background:#fff; clear:left; font:14px Helvetica,Arial,sans-serif; }\n\t\/* Add your own MailChimp form style overrides in your site stylesheet or in this style block.\n\t   We recommend moving this block and the preceding CSS link to the HEAD of your HTML file. *\/\n<\/style>\n<div id=\"mc_embed_signup\">\n<form action=\"\/\/lkqcanada.us15.list-manage.com\/unsubscribe\/post?u=aab467deda181cadf29671e54&amp;id=8397d36564\" method=\"post\" id=\"mc-embedded-subscribe-form\" name=\"mc-embedded-subscribe-form\" class=\"validate\" target=\"_blank\" novalidate>\n    <div id=\"mc_embed_signup_scroll\">\n\t<h2>D\u00e9sabonnement<\/h2>\n<div class=\"mc-field-group\">\n\t<label for=\"mce-EMAIL\">Courriel  <span class=\"asterisk\">*<\/span>\n<\/label>\n\t<input type=\"email\" value=\"\" name=\"EMAIL\" class=\"required email\" id=\"mce-EMAIL\">\n<\/div>\n\t<div id=\"mce-responses\" class=\"clear\">\n\t\t<div class=\"response\" id=\"mce-error-response\" style=\"display:none\"><\/div>\n\t\t<div class=\"response\" id=\"mce-success-response\" style=\"display:none\"><\/div>\n\t<\/div>    <!-- real people should not fill this in and expect good things - do not remove this or risk form bot signups-->\n    <div style=\"position: absolute; left: -5000px;\" aria-hidden=\"true\"><input type=\"text\" name=\"b_aab467deda181cadf29671e54_8397d36564\" tabindex=\"-1\" value=\"\"><\/div>\n    <div class=\"clear\"><input type=\"submit\" value=\"D\u00e9sabonnement\" name=\"desabonnement\" id=\"mc-embedded-subscribe\" class=\"button\"><\/div>\n    <\/div>\n<\/form>\n<\/div>\n\n<!--End mc_embed_signup--><\/div>\n\t\t<\/div><\/div><\/div><\/div>","protected":false},"excerpt":{"rendered":"<p>Abonnement Pr\u00e9nom * Nom * Courriel * T\u00e9l\u00e9phone * () &#8211; Langue * Fran\u00e7ais Anglais Je veux recevoir l&#8217;infolettre Je suis un atelier m\u00e9canique Je suis un atelier de carrosserie D\u00e9sabonnement Courriel *<\/p>\n","protected":false},"author":1,"featured_media":0,"parent":0,"menu_order":0,"comment_status":"closed","ping_status":"closed","template":"infolettre.php","meta":{"_acf_changed":false,"footnotes":""},"class_list":["post-1407","page","type-page","status-publish","hentry"],"acf":[],"_links":{"self":[{"href":"http:\/\/lkqcanada.ca\/en\/wp-json\/wp\/v2\/pages\/1407","targetHints":{"allow":["GET"]}}],"collection":[{"href":"http:\/\/lkqcanada.ca\/en\/wp-json\/wp\/v2\/pages"}],"about":[{"href":"http:\/\/lkqcanada.ca\/en\/wp-json\/wp\/v2\/types\/page"}],"author":[{"embeddable":true,"href":"http:\/\/lkqcanada.ca\/en\/wp-json\/wp\/v2\/users\/1"}],"replies":[{"embeddable":true,"href":"http:\/\/lkqcanada.ca\/en\/wp-json\/wp\/v2\/comments?post=1407"}],"version-history":[{"count":17,"href":"http:\/\/lkqcanada.ca\/en\/wp-json\/wp\/v2\/pages\/1407\/revisions"}],"predecessor-version":[{"id":3464,"href":"http:\/\/lkqcanada.ca\/en\/wp-json\/wp\/v2\/pages\/1407\/revisions\/3464"}],"wp:attachment":[{"href":"http:\/\/lkqcanada.ca\/en\/wp-json\/wp\/v2\/media?parent=1407"}],"curies":[{"name":"wp","href":"https:\/\/api.w.org\/{rel}","templated":true}]}}